{"id":2118,"date":"2025-03-26T15:40:00","date_gmt":"2025-03-26T15:40:00","guid":{"rendered":"https:\/\/lectio365.com\/previous-devotionals\/"},"modified":"2026-02-16T05:07:56","modified_gmt":"2026-02-16T05:07:56","slug":"devocionais-anteriores","status":"publish","type":"page","link":"https:\/\/lectio365.com\/pt-br\/devocionais-anteriores\/","title":{"rendered":"Devocionais anteriores"},"content":{"rendered":"\n<p>Devocionais anteriores do aplicativo Lectio 365.<\/p>\n","protected":false},"excerpt":{"rendered":"<p>Devocionais anteriores do aplicativo Lectio 365.<\/p>\n","protected":false},"author":1,"featured_media":0,"parent":0,"menu_order":0,"comment_status":"closed","ping_status":"closed","template":"page-templates\/previous-devotionals.php","meta":{"_acf_changed":false,"inline_featured_image":false,"footnotes":""},"class_list":["post-2118","page","type-page","status-publish","hentry"],"acf":[],"yoast_head":"<!-- This site is optimized with the Yoast SEO plugin v26.8 - https:\/\/yoast.com\/product\/yoast-seo-wordpress\/ -->\n<title>Devocionais anteriores - Lectio 365<\/title>\n<meta name=\"description\" content=\"O Lectio 365 \u00e9 um aplicativo devocional gratuito que ajuda voc\u00ea a orar a B\u00edblia diariamente e a experimentar a presen\u00e7a de Deus na sua vida.\" \/>\n<meta name=\"robots\" content=\"index, follow, max-snippet:-1, max-image-preview:large, max-video-preview:-1\" \/>\n<link rel=\"canonical\" href=\"https:\/\/lectio365.com\/pt-br\/devocionais-anteriores\/\" \/>\n<meta property=\"og:locale\" content=\"pt_BR\" \/>\n<meta property=\"og:type\" content=\"article\" \/>\n<meta property=\"og:title\" content=\"Devocionais anteriores - Lectio 365\" \/>\n<meta property=\"og:description\" content=\"O Lectio 365 \u00e9 um aplicativo devocional gratuito que ajuda voc\u00ea a orar a B\u00edblia diariamente e a experimentar a presen\u00e7a de Deus na sua vida.\" \/>\n<meta property=\"og:url\" content=\"https:\/\/lectio365.com\/pt-br\/devocionais-anteriores\/\" \/>\n<meta property=\"og:site_name\" content=\"Lectio 365\" \/>\n<meta property=\"article:publisher\" content=\"https:\/\/www.facebook.com\/lectio365app\/\" \/>\n<meta property=\"article:modified_time\" content=\"2026-02-16T05:07:56+00:00\" \/>\n<meta name=\"twitter:card\" content=\"summary_large_image\" \/>\n<meta name=\"twitter:label1\" content=\"Est. tempo de leitura\" \/>\n\t<meta name=\"twitter:data1\" content=\"1 minuto\" \/>\n<script type=\"application\/ld+json\" class=\"yoast-schema-graph\">{\"@context\":\"https:\/\/schema.org\",\"@graph\":[{\"@type\":\"WebPage\",\"@id\":\"https:\/\/lectio365.com\/pt-br\/devocionais-anteriores\/\",\"url\":\"https:\/\/lectio365.com\/pt-br\/devocionais-anteriores\/\",\"name\":\"Devocionais anteriores - Lectio 365\",\"isPartOf\":{\"@id\":\"https:\/\/lectio365.com\/pt-br\/#website\"},\"datePublished\":\"2025-03-26T15:40:00+00:00\",\"dateModified\":\"2026-02-16T05:07:56+00:00\",\"description\":\"O Lectio 365 \u00e9 um aplicativo devocional gratuito que ajuda voc\u00ea a orar a B\u00edblia diariamente e a experimentar a presen\u00e7a de Deus na sua vida.\",\"breadcrumb\":{\"@id\":\"https:\/\/lectio365.com\/pt-br\/devocionais-anteriores\/#breadcrumb\"},\"inLanguage\":\"pt-BR\",\"potentialAction\":[{\"@type\":\"ReadAction\",\"target\":[\"https:\/\/lectio365.com\/pt-br\/devocionais-anteriores\/\"]}]},{\"@type\":\"BreadcrumbList\",\"@id\":\"https:\/\/lectio365.com\/pt-br\/devocionais-anteriores\/#breadcrumb\",\"itemListElement\":[{\"@type\":\"ListItem\",\"position\":1,\"name\":\"Home\",\"item\":\"https:\/\/lectio365.com\/pt-br\/\"},{\"@type\":\"ListItem\",\"position\":2,\"name\":\"Devocionais anteriores\"}]},{\"@type\":\"WebSite\",\"@id\":\"https:\/\/lectio365.com\/pt-br\/#website\",\"url\":\"https:\/\/lectio365.com\/pt-br\/\",\"name\":\"Lectio 365\",\"description\":\"Pray the Bible every day\",\"publisher\":{\"@id\":\"https:\/\/lectio365.com\/pt-br\/#organization\"},\"potentialAction\":[{\"@type\":\"SearchAction\",\"target\":{\"@type\":\"EntryPoint\",\"urlTemplate\":\"https:\/\/lectio365.com\/pt-br\/?s={search_term_string}\"},\"query-input\":{\"@type\":\"PropertyValueSpecification\",\"valueRequired\":true,\"valueName\":\"search_term_string\"}}],\"inLanguage\":\"pt-BR\"},{\"@type\":\"Organization\",\"@id\":\"https:\/\/lectio365.com\/pt-br\/#organization\",\"name\":\"Lectio 365\",\"url\":\"https:\/\/lectio365.com\/pt-br\/\",\"logo\":{\"@type\":\"ImageObject\",\"inLanguage\":\"pt-BR\",\"@id\":\"https:\/\/lectio365.com\/pt-br\/#\/schema\/logo\/image\/\",\"url\":\"http:\/\/lectio365.com\/wp-content\/uploads\/2025\/05\/logo-dark.svg\",\"contentUrl\":\"http:\/\/lectio365.com\/wp-content\/uploads\/2025\/05\/logo-dark.svg\",\"width\":\"1024\",\"height\":\"1024\",\"caption\":\"Lectio 365\"},\"image\":{\"@id\":\"https:\/\/lectio365.com\/pt-br\/#\/schema\/logo\/image\/\"},\"sameAs\":[\"https:\/\/www.facebook.com\/lectio365app\/\",\"https:\/\/www.instagram.com\/lectio365\/\",\"https:\/\/www.threads.com\/@lectio365\",\"https:\/\/www.youtube.com\/@Lectio365\",\"https:\/\/www.tiktok.com\/@lectio365\"]}]}<\/script>\n<!-- \/ Yoast SEO plugin. -->","yoast_head_json":{"title":"Devocionais anteriores - Lectio 365","description":"O Lectio 365 \u00e9 um aplicativo devocional gratuito que ajuda voc\u00ea a orar a B\u00edblia diariamente e a experimentar a presen\u00e7a de Deus na sua vida.","robots":{"index":"index","follow":"follow","max-snippet":"max-snippet:-1","max-image-preview":"max-image-preview:large","max-video-preview":"max-video-preview:-1"},"canonical":"https:\/\/lectio365.com\/pt-br\/devocionais-anteriores\/","og_locale":"pt_BR","og_type":"article","og_title":"Devocionais anteriores - Lectio 365","og_description":"O Lectio 365 \u00e9 um aplicativo devocional gratuito que ajuda voc\u00ea a orar a B\u00edblia diariamente e a experimentar a presen\u00e7a de Deus na sua vida.","og_url":"https:\/\/lectio365.com\/pt-br\/devocionais-anteriores\/","og_site_name":"Lectio 365","article_publisher":"https:\/\/www.facebook.com\/lectio365app\/","article_modified_time":"2026-02-16T05:07:56+00:00","twitter_card":"summary_large_image","twitter_misc":{"Est. tempo de leitura":"1 minuto"},"schema":{"@context":"https:\/\/schema.org","@graph":[{"@type":"WebPage","@id":"https:\/\/lectio365.com\/pt-br\/devocionais-anteriores\/","url":"https:\/\/lectio365.com\/pt-br\/devocionais-anteriores\/","name":"Devocionais anteriores - Lectio 365","isPartOf":{"@id":"https:\/\/lectio365.com\/pt-br\/#website"},"datePublished":"2025-03-26T15:40:00+00:00","dateModified":"2026-02-16T05:07:56+00:00","description":"O Lectio 365 \u00e9 um aplicativo devocional gratuito que ajuda voc\u00ea a orar a B\u00edblia diariamente e a experimentar a presen\u00e7a de Deus na sua vida.","breadcrumb":{"@id":"https:\/\/lectio365.com\/pt-br\/devocionais-anteriores\/#breadcrumb"},"inLanguage":"pt-BR","potentialAction":[{"@type":"ReadAction","target":["https:\/\/lectio365.com\/pt-br\/devocionais-anteriores\/"]}]},{"@type":"BreadcrumbList","@id":"https:\/\/lectio365.com\/pt-br\/devocionais-anteriores\/#breadcrumb","itemListElement":[{"@type":"ListItem","position":1,"name":"Home","item":"https:\/\/lectio365.com\/pt-br\/"},{"@type":"ListItem","position":2,"name":"Devocionais anteriores"}]},{"@type":"WebSite","@id":"https:\/\/lectio365.com\/pt-br\/#website","url":"https:\/\/lectio365.com\/pt-br\/","name":"Lectio 365","description":"Pray the Bible every day","publisher":{"@id":"https:\/\/lectio365.com\/pt-br\/#organization"},"potentialAction":[{"@type":"SearchAction","target":{"@type":"EntryPoint","urlTemplate":"https:\/\/lectio365.com\/pt-br\/?s={search_term_string}"},"query-input":{"@type":"PropertyValueSpecification","valueRequired":true,"valueName":"search_term_string"}}],"inLanguage":"pt-BR"},{"@type":"Organization","@id":"https:\/\/lectio365.com\/pt-br\/#organization","name":"Lectio 365","url":"https:\/\/lectio365.com\/pt-br\/","logo":{"@type":"ImageObject","inLanguage":"pt-BR","@id":"https:\/\/lectio365.com\/pt-br\/#\/schema\/logo\/image\/","url":"http:\/\/lectio365.com\/wp-content\/uploads\/2025\/05\/logo-dark.svg","contentUrl":"http:\/\/lectio365.com\/wp-content\/uploads\/2025\/05\/logo-dark.svg","width":"1024","height":"1024","caption":"Lectio 365"},"image":{"@id":"https:\/\/lectio365.com\/pt-br\/#\/schema\/logo\/image\/"},"sameAs":["https:\/\/www.facebook.com\/lectio365app\/","https:\/\/www.instagram.com\/lectio365\/","https:\/\/www.threads.com\/@lectio365","https:\/\/www.youtube.com\/@Lectio365","https:\/\/www.tiktok.com\/@lectio365"]}]}},"_links":{"self":[{"href":"https:\/\/lectio365.com\/pt-br\/wp-json\/wp\/v2\/pages\/2118","targetHints":{"allow":["GET"]}}],"collection":[{"href":"https:\/\/lectio365.com\/pt-br\/wp-json\/wp\/v2\/pages"}],"about":[{"href":"https:\/\/lectio365.com\/pt-br\/wp-json\/wp\/v2\/types\/page"}],"author":[{"embeddable":true,"href":"https:\/\/lectio365.com\/pt-br\/wp-json\/wp\/v2\/users\/1"}],"replies":[{"embeddable":true,"href":"https:\/\/lectio365.com\/pt-br\/wp-json\/wp\/v2\/comments?post=2118"}],"version-history":[{"count":3,"href":"https:\/\/lectio365.com\/pt-br\/wp-json\/wp\/v2\/pages\/2118\/revisions"}],"predecessor-version":[{"id":2576,"href":"https:\/\/lectio365.com\/pt-br\/wp-json\/wp\/v2\/pages\/2118\/revisions\/2576"}],"wp:attachment":[{"href":"https:\/\/lectio365.com\/pt-br\/wp-json\/wp\/v2\/media?parent=2118"}],"curies":[{"name":"wp","href":"https:\/\/api.w.org\/{rel}","templated":true}]}}