{"id":2114,"date":"2025-03-26T15:34:25","date_gmt":"2025-03-26T15:34:25","guid":{"rendered":"https:\/\/lectio365.com\/pray-the-bible\/"},"modified":"2026-02-15T19:15:49","modified_gmt":"2026-02-15T19:15:49","slug":"ore-a-biblia","status":"publish","type":"page","link":"https:\/\/lectio365.com\/pt-br\/ore-a-biblia\/","title":{"rendered":"Ore a B\u00edblia"},"content":{"rendered":"\n<h6 class=\"wp-block-heading has-text-align-center\">As origens<\/h6>\n\n\n\n<h3 class=\"wp-block-heading has-text-align-center\">Criado para ajudar voc\u00ea a desenvolver uma conex\u00e3o mais profunda e di\u00e1ria com Deus.<\/h3>\n\n\n\n<p class=\"has-text-align-center\">Inspirado na antiga pr\u00e1tica da <em>Lectio Divina<\/em>, os devocionais di\u00e1rios conduzem os usu\u00e1rios a orar a B\u00edblia por meio da leitura das Escrituras, reflex\u00e3o e ora\u00e7\u00e3o, todas as manh\u00e3s, ao meio-dia e \u00e0 noite. Desde o seu lan\u00e7amento, em 2019, o Lectio 365 tem ajudado milhares de pessoas a fazer da ora\u00e7\u00e3o um h\u00e1bito regular e cheio de vida \u2014 onde quer que estejam e independentemente do que o dia traga.<\/p>\n","protected":false},"excerpt":{"rendered":"<p>As origens Criado para ajudar voc\u00ea a desenvolver uma conex\u00e3o mais profunda e di\u00e1ria com Deus. Inspirado na antiga pr\u00e1tica da Lectio Divina, os devocionais di\u00e1rios conduzem os usu\u00e1rios a orar a B\u00edblia por meio da leitura das Escrituras, reflex\u00e3o e ora\u00e7\u00e3o, todas as manh\u00e3s, ao meio-dia e \u00e0 noite. Desde o seu lan\u00e7amento, em [&hellip;]<\/p>\n","protected":false},"author":1,"featured_media":2116,"parent":0,"menu_order":0,"comment_status":"closed","ping_status":"closed","template":"page-templates\/pray-the-bible.php","meta":{"_acf_changed":false,"inline_featured_image":false,"footnotes":""},"class_list":["post-2114","page","type-page","status-publish","has-post-thumbnail","hentry"],"acf":[],"yoast_head":"<!-- This site is optimized with the Yoast SEO plugin v26.8 - https:\/\/yoast.com\/product\/yoast-seo-wordpress\/ -->\n<title>Ore a B\u00edblia - Lectio 365<\/title>\n<meta name=\"description\" content=\"Inspirados na antiga pr\u00e1tica da Lectio Divina, os devocionais di\u00e1rios conduzem os usu\u00e1rios a orar a B\u00edblia.\" \/>\n<meta name=\"robots\" content=\"index, follow, max-snippet:-1, max-image-preview:large, max-video-preview:-1\" \/>\n<link rel=\"canonical\" href=\"https:\/\/lectio365.com\/pt-br\/ore-a-biblia\/\" \/>\n<meta property=\"og:locale\" content=\"pt_BR\" \/>\n<meta property=\"og:type\" content=\"article\" \/>\n<meta property=\"og:title\" content=\"Ore a B\u00edblia - Lectio 365\" \/>\n<meta property=\"og:description\" content=\"Inspirados na antiga pr\u00e1tica da Lectio Divina, os devocionais di\u00e1rios conduzem os usu\u00e1rios a orar a B\u00edblia.\" \/>\n<meta property=\"og:url\" content=\"https:\/\/lectio365.com\/pt-br\/ore-a-biblia\/\" \/>\n<meta property=\"og:site_name\" content=\"Lectio 365\" \/>\n<meta property=\"article:publisher\" content=\"https:\/\/www.facebook.com\/lectio365app\/\" \/>\n<meta property=\"article:modified_time\" content=\"2026-02-15T19:15:49+00:00\" \/>\n<meta property=\"og:image\" content=\"https:\/\/lectio365.com\/wp-content\/uploads\/2025\/05\/pray_the_bible.jpg\" \/>\n\t<meta property=\"og:image:width\" content=\"2560\" \/>\n\t<meta property=\"og:image:height\" content=\"1329\" \/>\n\t<meta property=\"og:image:type\" content=\"image\/jpeg\" \/>\n<meta name=\"twitter:card\" content=\"summary_large_image\" \/>\n<meta name=\"twitter:label1\" content=\"Est. tempo de leitura\" \/>\n\t<meta name=\"twitter:data1\" content=\"1 minuto\" \/>\n<script type=\"application\/ld+json\" class=\"yoast-schema-graph\">{\"@context\":\"https:\/\/schema.org\",\"@graph\":[{\"@type\":\"WebPage\",\"@id\":\"https:\/\/lectio365.com\/pt-br\/ore-a-biblia\/\",\"url\":\"https:\/\/lectio365.com\/pt-br\/ore-a-biblia\/\",\"name\":\"Ore a B\u00edblia - Lectio 365\",\"isPartOf\":{\"@id\":\"https:\/\/lectio365.com\/pt-br\/#website\"},\"primaryImageOfPage\":{\"@id\":\"https:\/\/lectio365.com\/pt-br\/ore-a-biblia\/#primaryimage\"},\"image\":{\"@id\":\"https:\/\/lectio365.com\/pt-br\/ore-a-biblia\/#primaryimage\"},\"thumbnailUrl\":\"https:\/\/lectio365.com\/wp-content\/uploads\/2025\/05\/pray_the_bible.jpg\",\"datePublished\":\"2025-03-26T15:34:25+00:00\",\"dateModified\":\"2026-02-15T19:15:49+00:00\",\"description\":\"Inspirados na antiga pr\u00e1tica da Lectio Divina, os devocionais di\u00e1rios conduzem os usu\u00e1rios a orar a B\u00edblia.\",\"breadcrumb\":{\"@id\":\"https:\/\/lectio365.com\/pt-br\/ore-a-biblia\/#breadcrumb\"},\"inLanguage\":\"pt-BR\",\"potentialAction\":[{\"@type\":\"ReadAction\",\"target\":[\"https:\/\/lectio365.com\/pt-br\/ore-a-biblia\/\"]}]},{\"@type\":\"ImageObject\",\"inLanguage\":\"pt-BR\",\"@id\":\"https:\/\/lectio365.com\/pt-br\/ore-a-biblia\/#primaryimage\",\"url\":\"https:\/\/lectio365.com\/wp-content\/uploads\/2025\/05\/pray_the_bible.jpg\",\"contentUrl\":\"https:\/\/lectio365.com\/wp-content\/uploads\/2025\/05\/pray_the_bible.jpg\",\"width\":2560,\"height\":1329,\"caption\":\"Young woman wearing headphones to pray the Bible with Lectio 365\"},{\"@type\":\"BreadcrumbList\",\"@id\":\"https:\/\/lectio365.com\/pt-br\/ore-a-biblia\/#breadcrumb\",\"itemListElement\":[{\"@type\":\"ListItem\",\"position\":1,\"name\":\"Home\",\"item\":\"https:\/\/lectio365.com\/pt-br\/\"},{\"@type\":\"ListItem\",\"position\":2,\"name\":\"Ore a B\u00edblia\"}]},{\"@type\":\"WebSite\",\"@id\":\"https:\/\/lectio365.com\/pt-br\/#website\",\"url\":\"https:\/\/lectio365.com\/pt-br\/\",\"name\":\"Lectio 365\",\"description\":\"Pray the Bible every day\",\"publisher\":{\"@id\":\"https:\/\/lectio365.com\/pt-br\/#organization\"},\"potentialAction\":[{\"@type\":\"SearchAction\",\"target\":{\"@type\":\"EntryPoint\",\"urlTemplate\":\"https:\/\/lectio365.com\/pt-br\/?s={search_term_string}\"},\"query-input\":{\"@type\":\"PropertyValueSpecification\",\"valueRequired\":true,\"valueName\":\"search_term_string\"}}],\"inLanguage\":\"pt-BR\"},{\"@type\":\"Organization\",\"@id\":\"https:\/\/lectio365.com\/pt-br\/#organization\",\"name\":\"Lectio 365\",\"url\":\"https:\/\/lectio365.com\/pt-br\/\",\"logo\":{\"@type\":\"ImageObject\",\"inLanguage\":\"pt-BR\",\"@id\":\"https:\/\/lectio365.com\/pt-br\/#\/schema\/logo\/image\/\",\"url\":\"http:\/\/lectio365.com\/wp-content\/uploads\/2025\/05\/logo-dark.svg\",\"contentUrl\":\"http:\/\/lectio365.com\/wp-content\/uploads\/2025\/05\/logo-dark.svg\",\"width\":\"1024\",\"height\":\"1024\",\"caption\":\"Lectio 365\"},\"image\":{\"@id\":\"https:\/\/lectio365.com\/pt-br\/#\/schema\/logo\/image\/\"},\"sameAs\":[\"https:\/\/www.facebook.com\/lectio365app\/\",\"https:\/\/www.instagram.com\/lectio365\/\",\"https:\/\/www.threads.com\/@lectio365\",\"https:\/\/www.youtube.com\/@Lectio365\",\"https:\/\/www.tiktok.com\/@lectio365\"]}]}<\/script>\n<!-- \/ Yoast SEO plugin. -->","yoast_head_json":{"title":"Ore a B\u00edblia - Lectio 365","description":"Inspirados na antiga pr\u00e1tica da Lectio Divina, os devocionais di\u00e1rios conduzem os usu\u00e1rios a orar a B\u00edblia.","robots":{"index":"index","follow":"follow","max-snippet":"max-snippet:-1","max-image-preview":"max-image-preview:large","max-video-preview":"max-video-preview:-1"},"canonical":"https:\/\/lectio365.com\/pt-br\/ore-a-biblia\/","og_locale":"pt_BR","og_type":"article","og_title":"Ore a B\u00edblia - Lectio 365","og_description":"Inspirados na antiga pr\u00e1tica da Lectio Divina, os devocionais di\u00e1rios conduzem os usu\u00e1rios a orar a B\u00edblia.","og_url":"https:\/\/lectio365.com\/pt-br\/ore-a-biblia\/","og_site_name":"Lectio 365","article_publisher":"https:\/\/www.facebook.com\/lectio365app\/","article_modified_time":"2026-02-15T19:15:49+00:00","og_image":[{"width":2560,"height":1329,"url":"https:\/\/lectio365.com\/wp-content\/uploads\/2025\/05\/pray_the_bible.jpg","type":"image\/jpeg"}],"twitter_card":"summary_large_image","twitter_misc":{"Est. tempo de leitura":"1 minuto"},"schema":{"@context":"https:\/\/schema.org","@graph":[{"@type":"WebPage","@id":"https:\/\/lectio365.com\/pt-br\/ore-a-biblia\/","url":"https:\/\/lectio365.com\/pt-br\/ore-a-biblia\/","name":"Ore a B\u00edblia - Lectio 365","isPartOf":{"@id":"https:\/\/lectio365.com\/pt-br\/#website"},"primaryImageOfPage":{"@id":"https:\/\/lectio365.com\/pt-br\/ore-a-biblia\/#primaryimage"},"image":{"@id":"https:\/\/lectio365.com\/pt-br\/ore-a-biblia\/#primaryimage"},"thumbnailUrl":"https:\/\/lectio365.com\/wp-content\/uploads\/2025\/05\/pray_the_bible.jpg","datePublished":"2025-03-26T15:34:25+00:00","dateModified":"2026-02-15T19:15:49+00:00","description":"Inspirados na antiga pr\u00e1tica da Lectio Divina, os devocionais di\u00e1rios conduzem os usu\u00e1rios a orar a B\u00edblia.","breadcrumb":{"@id":"https:\/\/lectio365.com\/pt-br\/ore-a-biblia\/#breadcrumb"},"inLanguage":"pt-BR","potentialAction":[{"@type":"ReadAction","target":["https:\/\/lectio365.com\/pt-br\/ore-a-biblia\/"]}]},{"@type":"ImageObject","inLanguage":"pt-BR","@id":"https:\/\/lectio365.com\/pt-br\/ore-a-biblia\/#primaryimage","url":"https:\/\/lectio365.com\/wp-content\/uploads\/2025\/05\/pray_the_bible.jpg","contentUrl":"https:\/\/lectio365.com\/wp-content\/uploads\/2025\/05\/pray_the_bible.jpg","width":2560,"height":1329,"caption":"Young woman wearing headphones to pray the Bible with Lectio 365"},{"@type":"BreadcrumbList","@id":"https:\/\/lectio365.com\/pt-br\/ore-a-biblia\/#breadcrumb","itemListElement":[{"@type":"ListItem","position":1,"name":"Home","item":"https:\/\/lectio365.com\/pt-br\/"},{"@type":"ListItem","position":2,"name":"Ore a B\u00edblia"}]},{"@type":"WebSite","@id":"https:\/\/lectio365.com\/pt-br\/#website","url":"https:\/\/lectio365.com\/pt-br\/","name":"Lectio 365","description":"Pray the Bible every day","publisher":{"@id":"https:\/\/lectio365.com\/pt-br\/#organization"},"potentialAction":[{"@type":"SearchAction","target":{"@type":"EntryPoint","urlTemplate":"https:\/\/lectio365.com\/pt-br\/?s={search_term_string}"},"query-input":{"@type":"PropertyValueSpecification","valueRequired":true,"valueName":"search_term_string"}}],"inLanguage":"pt-BR"},{"@type":"Organization","@id":"https:\/\/lectio365.com\/pt-br\/#organization","name":"Lectio 365","url":"https:\/\/lectio365.com\/pt-br\/","logo":{"@type":"ImageObject","inLanguage":"pt-BR","@id":"https:\/\/lectio365.com\/pt-br\/#\/schema\/logo\/image\/","url":"http:\/\/lectio365.com\/wp-content\/uploads\/2025\/05\/logo-dark.svg","contentUrl":"http:\/\/lectio365.com\/wp-content\/uploads\/2025\/05\/logo-dark.svg","width":"1024","height":"1024","caption":"Lectio 365"},"image":{"@id":"https:\/\/lectio365.com\/pt-br\/#\/schema\/logo\/image\/"},"sameAs":["https:\/\/www.facebook.com\/lectio365app\/","https:\/\/www.instagram.com\/lectio365\/","https:\/\/www.threads.com\/@lectio365","https:\/\/www.youtube.com\/@Lectio365","https:\/\/www.tiktok.com\/@lectio365"]}]}},"_links":{"self":[{"href":"https:\/\/lectio365.com\/pt-br\/wp-json\/wp\/v2\/pages\/2114","targetHints":{"allow":["GET"]}}],"collection":[{"href":"https:\/\/lectio365.com\/pt-br\/wp-json\/wp\/v2\/pages"}],"about":[{"href":"https:\/\/lectio365.com\/pt-br\/wp-json\/wp\/v2\/types\/page"}],"author":[{"embeddable":true,"href":"https:\/\/lectio365.com\/pt-br\/wp-json\/wp\/v2\/users\/1"}],"replies":[{"embeddable":true,"href":"https:\/\/lectio365.com\/pt-br\/wp-json\/wp\/v2\/comments?post=2114"}],"version-history":[{"count":3,"href":"https:\/\/lectio365.com\/pt-br\/wp-json\/wp\/v2\/pages\/2114\/revisions"}],"predecessor-version":[{"id":2507,"href":"https:\/\/lectio365.com\/pt-br\/wp-json\/wp\/v2\/pages\/2114\/revisions\/2507"}],"wp:featuredmedia":[{"embeddable":true,"href":"https:\/\/lectio365.com\/pt-br\/wp-json\/wp\/v2\/media\/2116"}],"wp:attachment":[{"href":"https:\/\/lectio365.com\/pt-br\/wp-json\/wp\/v2\/media?parent=2114"}],"curies":[{"name":"wp","href":"https:\/\/api.w.org\/{rel}","templated":true}]}}