{"id":2319,"date":"2026-01-08T10:46:45","date_gmt":"2026-01-08T10:46:45","guid":{"rendered":"https:\/\/lectio365.com\/os-pais-e-maes-do-deserto\/"},"modified":"2026-03-23T16:22:34","modified_gmt":"2026-03-23T16:22:34","slug":"deserto","status":"publish","type":"page","link":"http:\/\/lectio365.com\/pt-br\/deserto\/","title":{"rendered":"Os Pais e M\u00e3es do Deserto"},"content":{"rendered":"\n<h4 class=\"wp-block-heading\"><strong>Recursos para a Quaresma do Lectio 365 e do 24-7 Prayer<\/strong><\/h4>\n\n\n\n<figure class=\"wp-block-embed is-type-video is-provider-youtube wp-block-embed-youtube wp-embed-aspect-16-9 wp-has-aspect-ratio\"><div class=\"wp-block-embed__wrapper\">\n<iframe loading=\"lazy\" title=\"Conhe\u00e7a os Pais e M\u00e3es do Deserto - Lectio 365\" width=\"500\" height=\"281\" src=\"https:\/\/www.youtube.com\/embed\/EaEZr8lze1Y?feature=oembed\" frameborder=\"0\" allow=\"accelerometer; autoplay; clipboard-write; encrypted-media; gyroscope; picture-in-picture; web-share\" referrerpolicy=\"strict-origin-when-cross-origin\" allowfullscreen><\/iframe>\n<\/div><\/figure>\n\n\n\n<p>Obrigado por utilizar os recursos do Lectio 365 em sua comunidade. Estes esbo\u00e7os de serm\u00f5es e guias para pequenos grupos foram criados pelo Lectio 365 e pelo 24-7 Prayer, com base na nossa s\u00e9rie de Ora\u00e7\u00f5es da Manh\u00e3 da Quaresma 2026, para ajudar toda a sua comunidade a se aprofundar, juntos, nos temas do discipulado, dos ritmos e das pr\u00e1ticas espirituais. <\/p>\n\n\n\n<div class=\"wp-block-buttons is-content-justification-center is-layout-flex wp-container-core-buttons-is-layout-a89b3969 wp-block-buttons-is-layout-flex\">\n<div class=\"wp-block-button\"><a class=\"wp-block-button__link has-green-background-color has-background wp-element-button\" href=\"https:\/\/24-7prayer.dash.app\/portals\/lectio-365-os-pais-e-maes-do-deserto\">Acesse os recursos<\/a><\/div>\n<\/div>\n\n\n\n<div style=\"height:10px\" aria-hidden=\"true\" class=\"wp-block-spacer\"><\/div>\n\n\n\n<p>Todos esses recursos foram disponibilizados gra\u00e7as \u00e0 generosidade da nossa comunidade, que contribui para o trabalho do Lectio 365 e do 24-7 Prayer. <a href=\"https:\/\/lectio365.com\/pt-br\/give\">Saiba mais sobre como apoiar essa miss\u00e3o.<\/a><\/p>\n\n\n\n<div style=\"height:30px\" aria-hidden=\"true\" class=\"wp-block-spacer\"><\/div>\n\n\n\n<div style=\"height:30px\" aria-hidden=\"true\" class=\"wp-block-spacer\"><\/div>\n\n\n\n<h2 class=\"wp-block-heading\">Recursos para Igrejas<\/h2>\n\n\n\n<p>Baixe os esbo\u00e7os de serm\u00f5es e os guias de discuss\u00e3o para pequenos grupos e utilize nos encontros da sua igreja, tanto nos fins de semana quanto durante a semana.<\/p>\n\n\n\n<p class=\"has-small-font-size\"><strong>Observa\u00e7\u00e3o:<\/strong> estes recursos s\u00e3o disponibilizados para uso dentro da sua comunidade. Por favor, n\u00e3o publique, fa\u00e7a upload ou redistribua o material sem autoriza\u00e7\u00e3o por escrito do 24-7 Prayer.<br>Uma exce\u00e7\u00e3o \u00e9 permitida para transmiss\u00f5es online de cultos, quando os v\u00eddeos promocionais e semanais podem ser utilizados em uma transmiss\u00e3o ao vivo. Nesse caso, deve-se fazer uma men\u00e7\u00e3o verbal ao Lectio 365 e ao 24-7 Prayer, al\u00e9m de incluir os links <a href=\"http:\/\/www.lectio365.com\">www.lectio365.com<\/a> e <a href=\"http:\/\/www.24-7prayer.com\">www.24-7prayer.com<\/a> nos coment\u00e1rios ou na descri\u00e7\u00e3o da transmiss\u00e3o.<\/p>\n\n\n\n<p class=\"has-small-font-size\"><\/p>\n\n\n\n<div style=\"height:50px\" aria-hidden=\"true\" id=\"download\" class=\"wp-block-spacer\"><\/div>\n\n\n\n<div class=\"wp-block-buttons is-layout-flex wp-block-buttons-is-layout-flex\">\n<div class=\"wp-block-button\"><a class=\"wp-block-button__link has-green-background-color has-background wp-element-button\" href=\"https:\/\/24-7prayer.dash.app\/browse\/all?portal=lectio-365-os-pais-e-maes-do-deserto\">Baixe os PDFs dos esbo\u00e7os de serm\u00f5es e dos guias de discuss\u00e3o<\/a><\/div>\n<\/div>\n\n\n\n<div style=\"height:50px\" aria-hidden=\"true\" class=\"wp-block-spacer\"><\/div>\n\n\n\n<h4 class=\"wp-block-heading\"><strong>Semana 1 &#8211; Ant\u00e3o do Deserto<br><strong>Reacendendo minha paix\u00e3o por Jesus<\/strong><\/strong><\/h4>\n\n\n\n<p><em>In\u00edcio: Domingo, 15 de fevereiro<\/em><\/p>\n\n\n\n<p>Iniciaremos a temporada da Quaresma caminhando com Jesus pelo deserto e apresentando os Pais e M\u00e3es do Deserto, nossos companheiros nesta jornada. Juntos, fixaremos nossos olhos em Jesus, para que possamos nos aproximar da P\u00e1scoa com um cora\u00e7\u00e3o que O busca em ora\u00e7\u00e3o.<\/p>\n\n\n\n<figure class=\"wp-block-embed is-type-video is-provider-youtube wp-block-embed-youtube wp-embed-aspect-16-9 wp-has-aspect-ratio\"><div class=\"wp-block-embed__wrapper\">\n<iframe loading=\"lazy\" title=\"Ant\u00e3o do Deserto \u2013 Os pais e m\u00e3es do Deserto | Lectio 365\" width=\"500\" height=\"281\" src=\"https:\/\/www.youtube.com\/embed\/mYquBnoafhI?feature=oembed\" frameborder=\"0\" allow=\"accelerometer; autoplay; clipboard-write; encrypted-media; gyroscope; picture-in-picture; web-share\" referrerpolicy=\"strict-origin-when-cross-origin\" allowfullscreen><\/iframe>\n<\/div><\/figure>\n\n\n\n<div style=\"height:20px\" aria-hidden=\"true\" class=\"wp-block-spacer\"><\/div>\n\n\n\n<h4 class=\"wp-block-heading\"><strong><strong>Semana 2 &#8211; <\/strong><strong style=\"white-space: normal;\">Jo\u00e3o Cassiano<br><strong>Intensificando minha fome por Santidade<\/strong><\/strong><\/strong><\/h4>\n\n\n\n<p><em>In\u00edcio: Domingo, 22 de fevereiro<\/em><\/p>\n\n\n\n<p>Essa semana, nossa jornada no deserto nos convida a olhar para a batalha humana contra o pecado e para o chamado, capacitado pelo Esp\u00edrito Santo, de nos tornarmos mais parecidos com Cristo.<\/p>\n\n\n\n<figure class=\"wp-block-embed is-type-video is-provider-youtube wp-block-embed-youtube wp-embed-aspect-16-9 wp-has-aspect-ratio\"><div class=\"wp-block-embed__wrapper\">\n<iframe loading=\"lazy\" title=\"Jo\u00e3o Cassiano \u2013 Os pais e m\u00e3es do Deserto | Lectio 365\" width=\"500\" height=\"281\" src=\"https:\/\/www.youtube.com\/embed\/DCwZ0ZJ391Q?feature=oembed\" frameborder=\"0\" allow=\"accelerometer; autoplay; clipboard-write; encrypted-media; gyroscope; picture-in-picture; web-share\" referrerpolicy=\"strict-origin-when-cross-origin\" allowfullscreen><\/iframe>\n<\/div><\/figure>\n\n\n\n<div style=\"height:20px\" aria-hidden=\"true\" class=\"wp-block-spacer\"><\/div>\n\n\n\n<h4 class=\"wp-block-heading\"><strong>Semana 3 &#8211; Mac\u00e1rio do Egito<\/strong><strong style=\"white-space: normal;\"><strong><br><strong>Amando o Sil\u00eancio e a Solitude<\/strong><\/strong><\/strong><\/h4>\n\n\n\n<p><em>In\u00edcio: Domingo, 1\u00ba de mar\u00e7o<\/em><\/p>\n\n\n\n<p>Jesus \u201cretirava-se para lugares solit\u00e1rios e orava\u201d (Lucas 5:16). Nesta semana, nossa jornada quaresmal nos conduz \u00e0 pr\u00e1tica espiritual do sil\u00eancio e da solitude em um mundo barulhento e acelerado.<\/p>\n\n\n\n<figure class=\"wp-block-embed is-type-video is-provider-youtube wp-block-embed-youtube wp-embed-aspect-16-9 wp-has-aspect-ratio\"><div class=\"wp-block-embed__wrapper\">\n<iframe loading=\"lazy\" title=\"Mac\u00e1rio do Egito - Os Pais e M\u00e3es do Deserto\" width=\"500\" height=\"281\" src=\"https:\/\/www.youtube.com\/embed\/81un7Eb4Znw?feature=oembed\" frameborder=\"0\" allow=\"accelerometer; autoplay; clipboard-write; encrypted-media; gyroscope; picture-in-picture; web-share\" referrerpolicy=\"strict-origin-when-cross-origin\" allowfullscreen><\/iframe>\n<\/div><\/figure>\n\n\n\n<div style=\"height:20px\" aria-hidden=\"true\" class=\"wp-block-spacer\"><\/div>\n\n\n\n<h4 class=\"wp-block-heading\"><strong>Semana 4 &#8211; Sincl\u00e9tica de Alexandria<\/strong><strong style=\"white-space: normal;\"><strong><strong><br><strong>A Liberdade da Ren\u00fancia<\/strong><\/strong><\/strong><\/strong><\/h4>\n\n\n\n<p><em>In\u00edcio: Domingo, 8 de mar\u00e7o<\/em><\/p>\n\n\n\n<p>Nesta semana, exploraremos o deserto como lugar de nega\u00e7\u00e3o de si mesmo. Refletiremos sobre os perigos do materialismo e escolheremos focar no tesouro celestial sobre o qual Jesus falou no Serm\u00e3o do Monte.<\/p>\n\n\n\n<figure class=\"wp-block-embed is-type-video is-provider-youtube wp-block-embed-youtube wp-embed-aspect-16-9 wp-has-aspect-ratio\"><div class=\"wp-block-embed__wrapper\">\n<iframe loading=\"lazy\" title=\"Sincl\u00e9tica de Alexandria \u2013 Os Pais e M\u00e3es do Deserto | Lectio 365\" width=\"500\" height=\"281\" src=\"https:\/\/www.youtube.com\/embed\/3auF0UqeuVY?feature=oembed\" frameborder=\"0\" allow=\"accelerometer; autoplay; clipboard-write; encrypted-media; gyroscope; picture-in-picture; web-share\" referrerpolicy=\"strict-origin-when-cross-origin\" allowfullscreen><\/iframe>\n<\/div><\/figure>\n\n\n\n<div style=\"height:20px\" aria-hidden=\"true\" class=\"wp-block-spacer\"><\/div>\n\n\n\n<h4 class=\"wp-block-heading\"><strong>Semana 5 &#8211; Patr\u00edcio da Irlanda<br><\/strong><strong style=\"white-space: normal;\"><strong><strong><strong>O Caminho \u201clouco\u201d da sabedoria<\/strong><\/strong><\/strong><\/strong><\/h4>\n\n\n\n<p><em>In\u00edcio: Domingo, 15 de mar\u00e7o<\/em><\/p>\n\n\n\n<p>Nesta semana, unimo-nos aos Pais e M\u00e3es do Deserto em sua busca por nadar contra a corrente da cultura, perseguindo revela\u00e7\u00e3o e sabedoria que v\u00eam de Deus acima de tudo.<\/p>\n\n\n\n<figure class=\"wp-block-embed is-type-video is-provider-youtube wp-block-embed-youtube wp-embed-aspect-16-9 wp-has-aspect-ratio\"><div class=\"wp-block-embed__wrapper\">\n<iframe loading=\"lazy\" title=\"Patr\u00edcio da Irlanda \u2013 Os Pais e M\u00e3es do Deserto | Lectio 365\" width=\"500\" height=\"281\" src=\"https:\/\/www.youtube.com\/embed\/Y-Jmy0AXmnw?feature=oembed\" frameborder=\"0\" allow=\"accelerometer; autoplay; clipboard-write; encrypted-media; gyroscope; picture-in-picture; web-share\" referrerpolicy=\"strict-origin-when-cross-origin\" allowfullscreen><\/iframe>\n<\/div><\/figure>\n\n\n\n<div style=\"height:20px\" aria-hidden=\"true\" class=\"wp-block-spacer\"><\/div>\n\n\n\n<h4 class=\"wp-block-heading\"><strong>Semana 6 &#8211; Mois\u00e9s, o Forte<br>Escolhendo o Caminho da Humildade<\/strong><\/h4>\n\n\n\n<p><em>In\u00edcio: Domingo, 22 de mar\u00e7o<\/em><\/p>\n\n\n\n<p>Nesta semana, nossa jornada quaresmal explora o tema da humildade. Em um mundo onde nossa relev\u00e2ncia parece ser medida pelo tamanho da nossa plataforma e alcance, o exemplo de Jesus revela uma verdade diferente no cora\u00e7\u00e3o do universo.<\/p>\n\n\n\n<figure class=\"wp-block-embed is-type-video is-provider-youtube wp-block-embed-youtube wp-embed-aspect-16-9 wp-has-aspect-ratio\"><div class=\"wp-block-embed__wrapper\">\n<iframe loading=\"lazy\" title=\"Mois\u00e9s, o Forte\" width=\"500\" height=\"281\" src=\"https:\/\/www.youtube.com\/embed\/703tTcEBfUk?feature=oembed\" frameborder=\"0\" allow=\"accelerometer; autoplay; clipboard-write; encrypted-media; gyroscope; picture-in-picture; web-share\" referrerpolicy=\"strict-origin-when-cross-origin\" allowfullscreen><\/iframe>\n<\/div><\/figure>\n\n\n\n<div style=\"height:20px\" aria-hidden=\"true\" class=\"wp-block-spacer\"><\/div>\n\n\n\n<h4 class=\"wp-block-heading\">Semana 7 \u2014 As Li\u00e7\u00f5es do Deserto<br><strong>Entrando na Semana Santa<\/strong><\/h4>\n\n\n\n<p><em>In\u00edcio: Domingo, 29 de mar\u00e7o<\/em><\/p>\n\n\n\n<p>O Domingo de Ramos relembra a entrada triunfal de Jesus em Jerusal\u00e9m. Em menos de uma semana, Ele seria preso, e a multid\u00e3o que antes O exaltava passaria a clamar por Sua execu\u00e7\u00e3o. Nesta semana, refletiremos sobre como amadurecer espiritualmente, passando de uma f\u00e9 inst\u00e1vel para uma f\u00e9 fiel; inspirados pelos Pais e M\u00e3es do Deserto, que abra\u00e7aram as dificuldades em busca de uma devo\u00e7\u00e3o inteira a Deus. Ao longo da semana, deixaremos o deserto e seguiremos Jesus em sua jornada rumo \u00e0 cruz e, atrav\u00e9s da morte, \u00e0 nova vida oferecida a todos.<\/p>\n\n\n\n<p><em>N\u00e3o h\u00e1 v\u00eddeo adicional para acompanhar os recursos desta semana. Sinta-se \u00e0 vontade para integrar este conte\u00fado aos cultos de Domingo de Ramos e \u00e0s celebra\u00e7\u00f5es da Semana Santa da sua comunidade.<\/em><\/p>\n\n\n\n<p><\/p>\n","protected":false},"excerpt":{"rendered":"<p>Recursos para a Quaresma do Lectio 365 e do 24-7 Prayer Obrigado por utilizar os recursos do Lectio 365 em sua comunidade. Estes esbo\u00e7os de serm\u00f5es e guias para pequenos grupos foram criados pelo Lectio 365 e pelo 24-7 Prayer, com base na nossa s\u00e9rie de Ora\u00e7\u00f5es da Manh\u00e3 da Quaresma 2026, para ajudar toda [&hellip;]<\/p>\n","protected":false},"author":3,"featured_media":2321,"parent":0,"menu_order":0,"comment_status":"closed","ping_status":"closed","template":"","meta":{"_acf_changed":false,"inline_featured_image":false,"footnotes":""},"class_list":["post-2319","page","type-page","status-publish","has-post-thumbnail","hentry"],"acf":[],"yoast_head":"<!-- This site is optimized with the Yoast SEO plugin v26.8 - https:\/\/yoast.com\/product\/yoast-seo-wordpress\/ -->\n<title>Os Pais e M\u00e3es do Deserto - Lectio 365<\/title>\n<meta name=\"description\" content=\"O Lectio 365 \u00e9 um aplicativo devocional gratuito que ajuda voc\u00ea a orar com a B\u00edblia e a experimentar a presen\u00e7a de Deus em sua vida.\" \/>\n<meta name=\"robots\" content=\"index, follow, max-snippet:-1, max-image-preview:large, max-video-preview:-1\" \/>\n<link rel=\"canonical\" href=\"http:\/\/lectio365.com\/pt-br\/deserto\/\" \/>\n<meta property=\"og:locale\" content=\"pt_BR\" \/>\n<meta property=\"og:type\" content=\"article\" \/>\n<meta property=\"og:title\" content=\"Os Pais e M\u00e3es do Deserto - Lectio 365\" \/>\n<meta property=\"og:description\" content=\"O Lectio 365 \u00e9 um aplicativo devocional gratuito que ajuda voc\u00ea a orar com a B\u00edblia e a experimentar a presen\u00e7a de Deus em sua vida.\" \/>\n<meta property=\"og:url\" content=\"http:\/\/lectio365.com\/pt-br\/deserto\/\" \/>\n<meta property=\"og:site_name\" content=\"Lectio 365\" \/>\n<meta property=\"article:publisher\" content=\"https:\/\/www.facebook.com\/lectio365app\/\" \/>\n<meta property=\"article:modified_time\" content=\"2026-03-23T16:22:34+00:00\" \/>\n<meta property=\"og:image\" content=\"http:\/\/lectio365.com\/wp-content\/uploads\/2026\/01\/l365-lent_2026-web-header.jpg\" \/>\n\t<meta property=\"og:image:width\" content=\"2500\" \/>\n\t<meta property=\"og:image:height\" content=\"1235\" \/>\n\t<meta property=\"og:image:type\" content=\"image\/jpeg\" \/>\n<meta name=\"twitter:card\" content=\"summary_large_image\" \/>\n<meta name=\"twitter:label1\" content=\"Est. tempo de leitura\" \/>\n\t<meta name=\"twitter:data1\" content=\"4 minutos\" \/>\n<script type=\"application\/ld+json\" class=\"yoast-schema-graph\">{\"@context\":\"https:\/\/schema.org\",\"@graph\":[{\"@type\":\"WebPage\",\"@id\":\"http:\/\/lectio365.com\/pt-br\/deserto\/\",\"url\":\"http:\/\/lectio365.com\/pt-br\/deserto\/\",\"name\":\"Os Pais e M\u00e3es do Deserto - Lectio 365\",\"isPartOf\":{\"@id\":\"https:\/\/lectio365.com\/pt-br\/#website\"},\"primaryImageOfPage\":{\"@id\":\"http:\/\/lectio365.com\/pt-br\/deserto\/#primaryimage\"},\"image\":{\"@id\":\"http:\/\/lectio365.com\/pt-br\/deserto\/#primaryimage\"},\"thumbnailUrl\":\"http:\/\/lectio365.com\/wp-content\/uploads\/2026\/01\/l365-lent_2026-web-header.jpg\",\"datePublished\":\"2026-01-08T10:46:45+00:00\",\"dateModified\":\"2026-03-23T16:22:34+00:00\",\"description\":\"O Lectio 365 \u00e9 um aplicativo devocional gratuito que ajuda voc\u00ea a orar com a B\u00edblia e a experimentar a presen\u00e7a de Deus em sua vida.\",\"breadcrumb\":{\"@id\":\"http:\/\/lectio365.com\/pt-br\/deserto\/#breadcrumb\"},\"inLanguage\":\"pt-BR\",\"potentialAction\":[{\"@type\":\"ReadAction\",\"target\":[\"http:\/\/lectio365.com\/pt-br\/deserto\/\"]}]},{\"@type\":\"ImageObject\",\"inLanguage\":\"pt-BR\",\"@id\":\"http:\/\/lectio365.com\/pt-br\/deserto\/#primaryimage\",\"url\":\"http:\/\/lectio365.com\/wp-content\/uploads\/2026\/01\/l365-lent_2026-web-header.jpg\",\"contentUrl\":\"http:\/\/lectio365.com\/wp-content\/uploads\/2026\/01\/l365-lent_2026-web-header.jpg\",\"width\":2500,\"height\":1235},{\"@type\":\"BreadcrumbList\",\"@id\":\"http:\/\/lectio365.com\/pt-br\/deserto\/#breadcrumb\",\"itemListElement\":[{\"@type\":\"ListItem\",\"position\":1,\"name\":\"Home\",\"item\":\"https:\/\/lectio365.com\/pt-br\/\"},{\"@type\":\"ListItem\",\"position\":2,\"name\":\"Os Pais e M\u00e3es do Deserto\"}]},{\"@type\":\"WebSite\",\"@id\":\"https:\/\/lectio365.com\/pt-br\/#website\",\"url\":\"https:\/\/lectio365.com\/pt-br\/\",\"name\":\"Lectio 365\",\"description\":\"Pray the Bible every day\",\"publisher\":{\"@id\":\"https:\/\/lectio365.com\/pt-br\/#organization\"},\"potentialAction\":[{\"@type\":\"SearchAction\",\"target\":{\"@type\":\"EntryPoint\",\"urlTemplate\":\"https:\/\/lectio365.com\/pt-br\/?s={search_term_string}\"},\"query-input\":{\"@type\":\"PropertyValueSpecification\",\"valueRequired\":true,\"valueName\":\"search_term_string\"}}],\"inLanguage\":\"pt-BR\"},{\"@type\":\"Organization\",\"@id\":\"https:\/\/lectio365.com\/pt-br\/#organization\",\"name\":\"Lectio 365\",\"url\":\"https:\/\/lectio365.com\/pt-br\/\",\"logo\":{\"@type\":\"ImageObject\",\"inLanguage\":\"pt-BR\",\"@id\":\"https:\/\/lectio365.com\/pt-br\/#\/schema\/logo\/image\/\",\"url\":\"http:\/\/lectio365.com\/wp-content\/uploads\/2025\/05\/logo-dark.svg\",\"contentUrl\":\"http:\/\/lectio365.com\/wp-content\/uploads\/2025\/05\/logo-dark.svg\",\"width\":\"1024\",\"height\":\"1024\",\"caption\":\"Lectio 365\"},\"image\":{\"@id\":\"https:\/\/lectio365.com\/pt-br\/#\/schema\/logo\/image\/\"},\"sameAs\":[\"https:\/\/www.facebook.com\/lectio365app\/\",\"https:\/\/www.instagram.com\/lectio365\/\",\"https:\/\/www.threads.com\/@lectio365\",\"https:\/\/www.youtube.com\/@Lectio365\",\"https:\/\/www.tiktok.com\/@lectio365\"]}]}<\/script>\n<!-- \/ Yoast SEO plugin. -->","yoast_head_json":{"title":"Os Pais e M\u00e3es do Deserto - Lectio 365","description":"O Lectio 365 \u00e9 um aplicativo devocional gratuito que ajuda voc\u00ea a orar com a B\u00edblia e a experimentar a presen\u00e7a de Deus em sua vida.","robots":{"index":"index","follow":"follow","max-snippet":"max-snippet:-1","max-image-preview":"max-image-preview:large","max-video-preview":"max-video-preview:-1"},"canonical":"http:\/\/lectio365.com\/pt-br\/deserto\/","og_locale":"pt_BR","og_type":"article","og_title":"Os Pais e M\u00e3es do Deserto - Lectio 365","og_description":"O Lectio 365 \u00e9 um aplicativo devocional gratuito que ajuda voc\u00ea a orar com a B\u00edblia e a experimentar a presen\u00e7a de Deus em sua vida.","og_url":"http:\/\/lectio365.com\/pt-br\/deserto\/","og_site_name":"Lectio 365","article_publisher":"https:\/\/www.facebook.com\/lectio365app\/","article_modified_time":"2026-03-23T16:22:34+00:00","og_image":[{"width":2500,"height":1235,"url":"http:\/\/lectio365.com\/wp-content\/uploads\/2026\/01\/l365-lent_2026-web-header.jpg","type":"image\/jpeg"}],"twitter_card":"summary_large_image","twitter_misc":{"Est. tempo de leitura":"4 minutos"},"schema":{"@context":"https:\/\/schema.org","@graph":[{"@type":"WebPage","@id":"http:\/\/lectio365.com\/pt-br\/deserto\/","url":"http:\/\/lectio365.com\/pt-br\/deserto\/","name":"Os Pais e M\u00e3es do Deserto - Lectio 365","isPartOf":{"@id":"https:\/\/lectio365.com\/pt-br\/#website"},"primaryImageOfPage":{"@id":"http:\/\/lectio365.com\/pt-br\/deserto\/#primaryimage"},"image":{"@id":"http:\/\/lectio365.com\/pt-br\/deserto\/#primaryimage"},"thumbnailUrl":"http:\/\/lectio365.com\/wp-content\/uploads\/2026\/01\/l365-lent_2026-web-header.jpg","datePublished":"2026-01-08T10:46:45+00:00","dateModified":"2026-03-23T16:22:34+00:00","description":"O Lectio 365 \u00e9 um aplicativo devocional gratuito que ajuda voc\u00ea a orar com a B\u00edblia e a experimentar a presen\u00e7a de Deus em sua vida.","breadcrumb":{"@id":"http:\/\/lectio365.com\/pt-br\/deserto\/#breadcrumb"},"inLanguage":"pt-BR","potentialAction":[{"@type":"ReadAction","target":["http:\/\/lectio365.com\/pt-br\/deserto\/"]}]},{"@type":"ImageObject","inLanguage":"pt-BR","@id":"http:\/\/lectio365.com\/pt-br\/deserto\/#primaryimage","url":"http:\/\/lectio365.com\/wp-content\/uploads\/2026\/01\/l365-lent_2026-web-header.jpg","contentUrl":"http:\/\/lectio365.com\/wp-content\/uploads\/2026\/01\/l365-lent_2026-web-header.jpg","width":2500,"height":1235},{"@type":"BreadcrumbList","@id":"http:\/\/lectio365.com\/pt-br\/deserto\/#breadcrumb","itemListElement":[{"@type":"ListItem","position":1,"name":"Home","item":"https:\/\/lectio365.com\/pt-br\/"},{"@type":"ListItem","position":2,"name":"Os Pais e M\u00e3es do Deserto"}]},{"@type":"WebSite","@id":"https:\/\/lectio365.com\/pt-br\/#website","url":"https:\/\/lectio365.com\/pt-br\/","name":"Lectio 365","description":"Pray the Bible every day","publisher":{"@id":"https:\/\/lectio365.com\/pt-br\/#organization"},"potentialAction":[{"@type":"SearchAction","target":{"@type":"EntryPoint","urlTemplate":"https:\/\/lectio365.com\/pt-br\/?s={search_term_string}"},"query-input":{"@type":"PropertyValueSpecification","valueRequired":true,"valueName":"search_term_string"}}],"inLanguage":"pt-BR"},{"@type":"Organization","@id":"https:\/\/lectio365.com\/pt-br\/#organization","name":"Lectio 365","url":"https:\/\/lectio365.com\/pt-br\/","logo":{"@type":"ImageObject","inLanguage":"pt-BR","@id":"https:\/\/lectio365.com\/pt-br\/#\/schema\/logo\/image\/","url":"http:\/\/lectio365.com\/wp-content\/uploads\/2025\/05\/logo-dark.svg","contentUrl":"http:\/\/lectio365.com\/wp-content\/uploads\/2025\/05\/logo-dark.svg","width":"1024","height":"1024","caption":"Lectio 365"},"image":{"@id":"https:\/\/lectio365.com\/pt-br\/#\/schema\/logo\/image\/"},"sameAs":["https:\/\/www.facebook.com\/lectio365app\/","https:\/\/www.instagram.com\/lectio365\/","https:\/\/www.threads.com\/@lectio365","https:\/\/www.youtube.com\/@Lectio365","https:\/\/www.tiktok.com\/@lectio365"]}]}},"_links":{"self":[{"href":"http:\/\/lectio365.com\/pt-br\/wp-json\/wp\/v2\/pages\/2319","targetHints":{"allow":["GET"]}}],"collection":[{"href":"http:\/\/lectio365.com\/pt-br\/wp-json\/wp\/v2\/pages"}],"about":[{"href":"http:\/\/lectio365.com\/pt-br\/wp-json\/wp\/v2\/types\/page"}],"author":[{"embeddable":true,"href":"http:\/\/lectio365.com\/pt-br\/wp-json\/wp\/v2\/users\/3"}],"replies":[{"embeddable":true,"href":"http:\/\/lectio365.com\/pt-br\/wp-json\/wp\/v2\/comments?post=2319"}],"version-history":[{"count":9,"href":"http:\/\/lectio365.com\/pt-br\/wp-json\/wp\/v2\/pages\/2319\/revisions"}],"predecessor-version":[{"id":2737,"href":"http:\/\/lectio365.com\/pt-br\/wp-json\/wp\/v2\/pages\/2319\/revisions\/2737"}],"wp:featuredmedia":[{"embeddable":true,"href":"http:\/\/lectio365.com\/pt-br\/wp-json\/wp\/v2\/media\/2321"}],"wp:attachment":[{"href":"http:\/\/lectio365.com\/pt-br\/wp-json\/wp\/v2\/media?parent=2319"}],"curies":[{"name":"wp","href":"https:\/\/api.w.org\/{rel}","templated":true}]}}