{"id":1814,"date":"2026-01-08T10:46:45","date_gmt":"2026-01-08T10:46:45","guid":{"rendered":"https:\/\/lectio365.com\/los-padres-y-madres-del-desierto\/"},"modified":"2026-03-20T13:33:46","modified_gmt":"2026-03-20T13:33:46","slug":"recursosdeldesierto","status":"publish","type":"page","link":"http:\/\/lectio365.com\/es\/recursosdeldesierto\/","title":{"rendered":"Los Padres y Madres del desierto"},"content":{"rendered":"\n<h4 class=\"wp-block-heading\"><strong>Recursos para la Cuaresma de Lectio 365 y Oraci\u00f3n 24-7 para tu iglesia.<\/strong><\/h4>\n\n\n\n<p>Gracias por utilizar los recursos de Lectio 365 en tu comunidad. Estos han sido creados por Lectio 365 y Oraci\u00f3n 24-7 bas\u00e1ndonos en nuestra serie de oraciones de la ma\u00f1ana para la Cuaresma de 2026, para ayudar a toda tu comunidad a profundizar juntos en los temas del discipulado, los ritmos y las pr\u00e1cticas espirituales. <\/p>\n\n\n\n<p>Todos estos recursos han sido posibles gracias a la generosidad de nuestra comunidad, que ha realizado donaciones a la labor de Lectio 365 y Oraci\u00f3n 24-7. <a href=\"https:\/\/lectio365.com\/es\/give\"><span style=\"text-decoration: underline;\">Descubre m\u00e1s acerca de c\u00f3mo apoyar este trabajo.<\/span><\/a><\/p>\n\n\n\n<div style=\"height:30px\" aria-hidden=\"true\" class=\"wp-block-spacer\"><\/div>\n\n\n\n<h5 class=\"wp-block-heading\"><strong>\u00bfNecesitas ayuda para compartir esta serie con tu iglesia?<\/strong><\/h5>\n\n\n\n<p>Queremos ayudarte a llevar esta serie a tu iglesia o comunidad, por lo que hemos creado un paquete promocional con diapositivas, v\u00eddeos y gr\u00e1ficos para compartir. Vuelve m\u00e1s tarde para obtener m\u00e1s recursos que te ayudar\u00e1n a transmitir la visi\u00f3n de esta serie. <span style=\"text-decoration: underline;\"><a href=\"http:\/\/lectio365.com\/wp-content\/uploads\/2026\/01\/Lectio-365-cuaresma-promo.zip\">Descarga el paquete promocional.<\/a><\/span><\/p>\n\n\n\n<figure class=\"wp-block-embed is-type-video is-provider-youtube wp-block-embed-youtube wp-embed-aspect-16-9 wp-has-aspect-ratio\"><div class=\"wp-block-embed__wrapper\">\n<iframe loading=\"lazy\" title=\"Los Padres y Madres del Desierto: Cuaresma 2026 con Lectio 365 y Oraci\u00f3n 24-7\" width=\"500\" height=\"281\" src=\"https:\/\/www.youtube.com\/embed\/w2-O68QaNak?feature=oembed\" frameborder=\"0\" allow=\"accelerometer; autoplay; clipboard-write; encrypted-media; gyroscope; picture-in-picture; web-share\" referrerpolicy=\"strict-origin-when-cross-origin\" allowfullscreen><\/iframe>\n<\/div><\/figure>\n\n\n\n<div style=\"height:30px\" aria-hidden=\"true\" class=\"wp-block-spacer\"><\/div>\n\n\n\n<h2 class=\"wp-block-heading\">Recursos para iglesias<\/h2>\n\n\n\n<p>Descarga recursos para usar en las reuniones del domingo y entre semana de tu iglesia.<\/p>\n\n\n\n<p class=\"has-small-font-size\"><em>Nota: estos recursos est\u00e1n disponibles para que los utilices dentro de tu comunidad. Por favor, no los publiques, subas ni redistribuyas sin el permiso por escrito de Oraci\u00f3n 24-7, a excepci\u00f3n de que sea con el fin de retransmitir las reuniones dominicales en l\u00ednea, o en el caso de utilizarlos para una retransmisi\u00f3n en directo de los v\u00eddeos promocionales y semanales. Se debe hacer referencia verbal a Lectio 365 y Oraci\u00f3n 24-7, y tambi\u00e9n se debe incluir un enlace a www.lectio365.com y www.24-7prayer.com en los comentarios o la descripci\u00f3n de la transmisi\u00f3n en vivo.   <\/em><\/p>\n\n\n\n<div style=\"height:50px\" aria-hidden=\"true\" class=\"wp-block-spacer\"><\/div>\n\n\n\n<div class=\"wp-block-buttons is-layout-flex wp-block-buttons-is-layout-flex\">\n<div class=\"wp-block-button\"><a class=\"wp-block-button__link has-green-background-color has-background wp-element-button\" href=\"https:\/\/24-7prayer.dash.app\/home?portal=lectio-365-recursos-para-la-cuaresma-2026\">Descargar los PDF del domingo y la semana<\/a><\/div>\n\n\n\n<div class=\"wp-block-button\"><a class=\"wp-block-button__link has-green-background-color has-background wp-element-button\">Descargar todos los v\u00eddeos (Disponible muy pronto)<\/a><\/div>\n<\/div>\n\n\n\n<p>Tambi\u00e9n hay versiones de estos recursos disponibles en <span style=\"text-decoration: underline;\"><a href=\"https:\/\/lectio365.com\/desertresources\/\">Ingl\u00e9s<\/a><\/span> y <span style=\"text-decoration: underline;\">Portuguese<\/span> (pr\u00f3ximamente).<\/p>\n\n\n\n<div style=\"height:50px\" aria-hidden=\"true\" class=\"wp-block-spacer\"><\/div>\n\n\n\n<h4 class=\"wp-block-heading\"><strong>Semana 1 &#8211; Antonio del desierto<\/strong><br><strong>Reavivar mi pasi\u00f3n por Jes\u00fas<\/strong><\/h4>\n\n\n\n<p><em>Comienza el domingo 15 de febrero<\/em><\/p>\n\n\n\n<p id=\"semanauno\">Comenzamos la \u00e9poca de Cuaresma acompa\u00f1ando a Jes\u00fas en su camino por el desierto y presentando a Los Padres y Madres del Desierto, nuestros compa\u00f1eros en este viaje. Juntos fijaremos nuestra mirada en Jes\u00fas, para que podamos acercarnos a la Pascua con un coraz\u00f3n lleno de oraci\u00f3n.<\/p>\n\n\n\n<figure class=\"wp-block-embed is-type-video is-provider-youtube wp-block-embed-youtube wp-embed-aspect-16-9 wp-has-aspect-ratio\"><div class=\"wp-block-embed__wrapper\">\n<iframe loading=\"lazy\" title=\"Antonio del desierto \u2013 Los Padres y Madres del desierto | Lectio 365\" width=\"500\" height=\"281\" src=\"https:\/\/www.youtube.com\/embed\/mrN91beiGYc?feature=oembed\" frameborder=\"0\" allow=\"accelerometer; autoplay; clipboard-write; encrypted-media; gyroscope; picture-in-picture; web-share\" referrerpolicy=\"strict-origin-when-cross-origin\" allowfullscreen><\/iframe>\n<\/div><\/figure>\n\n\n\n<div style=\"height:20px\" aria-hidden=\"true\" class=\"wp-block-spacer\"><\/div>\n\n\n\n<h4 class=\"wp-block-heading\" id=\"semanados\"><strong><strong>Semana 2 &#8211; <\/strong><strong style=\"white-space: normal;\">Juan Casiano<\/strong><\/strong><br><strong><strong style=\"white-space: normal;\">Intensificar mi hambre de santidad<\/strong><\/strong><\/h4>\n\n\n\n<p><em>Comienza el domingo 22 de febrero<\/em><\/p>\n\n\n\n<p>Esta semana, nuestro viaje por el desierto se centra en la batalla humana contra el pecado y en nuestra invitaci\u00f3n, impulsada por el Esp\u00edritu Santo, a ser m\u00e1s como Cristo.<\/p>\n\n\n\n<figure class=\"wp-block-embed is-type-video is-provider-youtube wp-block-embed-youtube wp-embed-aspect-16-9 wp-has-aspect-ratio\"><div class=\"wp-block-embed__wrapper\">\n<iframe loading=\"lazy\" title=\"Juan Casiano \u2013 Los Padres y Madres del desierto | Lectio 365\" width=\"500\" height=\"281\" src=\"https:\/\/www.youtube.com\/embed\/vLWCebmpEo0?feature=oembed\" frameborder=\"0\" allow=\"accelerometer; autoplay; clipboard-write; encrypted-media; gyroscope; picture-in-picture; web-share\" referrerpolicy=\"strict-origin-when-cross-origin\" allowfullscreen><\/iframe>\n<\/div><\/figure>\n\n\n\n<div style=\"height:20px\" aria-hidden=\"true\" class=\"wp-block-spacer\"><\/div>\n\n\n\n<h4 class=\"wp-block-heading\" id=\"semanatres\"><strong>Semana 3 &#8211; Macario de Egipto<br><\/strong><strong style=\"white-space: normal;\"><strong>Amar el silencio y la soledad<\/strong><\/strong><\/h4>\n\n\n\n<p><br><span style=\"font-size: revert;\">Jes\u00fas \u00aba menudo se retiraba a lugares solitarios y oraba\u00bb (Lucas 5:16). Esta semana, nuestro camino cuaresmal nos lleva a la pr\u00e1ctica espiritual del silencio y la soledad en un mundo ruidoso y ajetreado.<\/span><\/p>\n\n\n\n<figure class=\"wp-block-embed is-type-video is-provider-youtube wp-block-embed-youtube wp-embed-aspect-16-9 wp-has-aspect-ratio\"><div class=\"wp-block-embed__wrapper\">\n<iframe loading=\"lazy\" title=\"Macario de Egipto - Los Padres y Madres del Desierto | Cuaresma con Lectio 365\" width=\"500\" height=\"281\" src=\"https:\/\/www.youtube.com\/embed\/9T4FFQ1LOyA?feature=oembed\" frameborder=\"0\" allow=\"accelerometer; autoplay; clipboard-write; encrypted-media; gyroscope; picture-in-picture; web-share\" referrerpolicy=\"strict-origin-when-cross-origin\" allowfullscreen><\/iframe>\n<\/div><\/figure>\n\n\n\n<div style=\"height:20px\" aria-hidden=\"true\" class=\"wp-block-spacer\"><\/div>\n\n\n\n<h4 class=\"wp-block-heading\" id=\"semanacuatro\"><strong>Semana 4 &#8211; Sincl\u00e9tica de Alejandr\u00eda<\/strong><br><strong style=\"white-space: normal;\"><strong><strong>La libertad de la renuncia<\/strong><\/strong><\/strong><\/h4>\n\n\n\n<p><em>Comienza el domingo 8 de marzo<\/em><\/p>\n\n\n\n<p>Esta semana, en nuestro camino cuaresmal exploraremos el desierto como lugar de abnegaci\u00f3n. Analizaremos los peligros del materialismo y, en su lugar, decidiremos centrarnos en el tesoro celestial del que habl\u00f3 Jes\u00fas en el Serm\u00f3n del Monte. <\/p>\n\n\n\n<figure class=\"wp-block-embed is-type-video is-provider-youtube wp-block-embed-youtube wp-embed-aspect-16-9 wp-has-aspect-ratio\"><div class=\"wp-block-embed__wrapper\">\n<iframe loading=\"lazy\" title=\"Sincl\u00e9tica de Alejandr\u00eda \u2013 Los Padres y Madres del desierto | Lectio 365\" width=\"500\" height=\"281\" src=\"https:\/\/www.youtube.com\/embed\/Y-jZ9kkGB0k?feature=oembed\" frameborder=\"0\" allow=\"accelerometer; autoplay; clipboard-write; encrypted-media; gyroscope; picture-in-picture; web-share\" referrerpolicy=\"strict-origin-when-cross-origin\" allowfullscreen><\/iframe>\n<\/div><\/figure>\n\n\n\n<div style=\"height:20px\" aria-hidden=\"true\" class=\"wp-block-spacer\"><\/div>\n\n\n\n<h4 class=\"wp-block-heading\" id=\"semanacinco\"><strong>Semana 5 &#8211; Patricio de Irlanda<br><\/strong>El camino insensato de la sabidur\u00eda<\/h4>\n\n\n\n<p><em>Comienza el domingo 15 de marzo<\/em><\/p>\n\n\n\n<p>Esta semana nos unimos a los Padres y Madres del Desierto en su b\u00fasqueda de ir contra la corriente cultural predominante, persiguiendo por encima de todo la revelaci\u00f3n y la sabidur\u00eda de Dios.<\/p>\n\n\n\n<figure class=\"wp-block-embed is-type-video is-provider-youtube wp-block-embed-youtube wp-embed-aspect-16-9 wp-has-aspect-ratio\"><div class=\"wp-block-embed__wrapper\">\n<iframe loading=\"lazy\" title=\"Patricio de Irlanda \u2013 Los Padres y Madres del desierto | Lectio 365\" width=\"500\" height=\"281\" src=\"https:\/\/www.youtube.com\/embed\/v_AirD3nONI?feature=oembed\" frameborder=\"0\" allow=\"accelerometer; autoplay; clipboard-write; encrypted-media; gyroscope; picture-in-picture; web-share\" referrerpolicy=\"strict-origin-when-cross-origin\" allowfullscreen><\/iframe>\n<\/div><\/figure>\n\n\n\n<div style=\"height:20px\" aria-hidden=\"true\" class=\"wp-block-spacer\"><\/div>\n\n\n\n<h4 class=\"wp-block-heading\" id=\"semanaseis\"><strong>Semana 6 &#8211; Mois\u00e9s el fuerte<br><\/strong>Elegir el camino de la humildad<\/h4>\n\n\n\n<p><em>Comienza el domingo 22 de marzo<\/em><\/p>\n\n\n\n<p>Esta semana, en nuestro camino cuaresmal exploramos el tema de la humildad. En un mundo en el que nuestra popularidad parece medirse por el tama\u00f1o de nuestra plataforma y nuestro alcance, el ejemplo de Jes\u00fas nos muestra una verdad diferente en el coraz\u00f3n del universo. <\/p>\n\n\n\n<figure class=\"wp-block-embed is-type-video is-provider-youtube wp-block-embed-youtube wp-embed-aspect-16-9 wp-has-aspect-ratio\"><div class=\"wp-block-embed__wrapper\">\n<iframe loading=\"lazy\" title=\"Mois\u00e9s el fuerte \u2013 Los Padres y Madres del desierto | Lectio 365\" width=\"500\" height=\"281\" src=\"https:\/\/www.youtube.com\/embed\/CCOyQJIK6Yk?feature=oembed\" frameborder=\"0\" allow=\"accelerometer; autoplay; clipboard-write; encrypted-media; gyroscope; picture-in-picture; web-share\" referrerpolicy=\"strict-origin-when-cross-origin\" allowfullscreen><\/iframe>\n<\/div><\/figure>\n\n\n\n<div style=\"height:20px\" aria-hidden=\"true\" class=\"wp-block-spacer\"><\/div>\n\n\n\n<h4 class=\"wp-block-heading\" id=\"semanasiete\"><strong>Semana 7 &#8211; Las lecciones del desierto<\/strong><br><strong>Entrando en la Semana Santa<\/strong><\/h4>\n\n\n\n<p><em>Comienza el domingo 29 de marzo<\/em><\/p>\n\n\n\n<p>El Domingo de Ramos conmemora la entrada triunfal de Jes\u00fas en Jerusal\u00e9n. En menos de una semana, Jes\u00fas ser\u00e1 arrestado y la multitud se volver\u00e1 contra \u00e9l; los gritos de exaltaci\u00f3n ser\u00e1n sustituidos por gritos pidiendo su ejecuci\u00f3n. Esta semana exploraremos c\u00f3mo pasamos de ser inconstantes a fieles en nuestra madurez espiritual, inspir\u00e1ndonos en los Padres y Madres del Desierto que decidieron acoger las dificultades para dedicarse con todo su coraz\u00f3n a Dios. A medida que avance la semana, dejaremos el desierto y seguiremos a Jes\u00fas en su camino hacia la cruz y a trav\u00e9s de la tumba para ofrecer una nueva vida a todos.   <\/p>\n\n\n\n<p><em>No hay ning\u00fan v\u00eddeo adicional que acompa\u00f1e a los recursos de esta semana. No dudes en incorporar este contenido a las reuniones del Domingo de Ramos y Semana Santa de tu comunidad. <\/em><\/p>\n","protected":false},"excerpt":{"rendered":"<p>Recursos para la Cuaresma de Lectio 365 y Oraci\u00f3n 24-7 para tu iglesia. Gracias por utilizar los recursos de Lectio 365 en tu comunidad. Estos han sido creados por Lectio 365 y Oraci\u00f3n 24-7 bas\u00e1ndonos en nuestra serie de oraciones de la ma\u00f1ana para la Cuaresma de 2026, para ayudar a toda tu comunidad a [&hellip;]<\/p>\n","protected":false},"author":3,"featured_media":1824,"parent":0,"menu_order":0,"comment_status":"closed","ping_status":"closed","template":"","meta":{"_acf_changed":false,"inline_featured_image":false,"footnotes":""},"class_list":["post-1814","page","type-page","status-publish","has-post-thumbnail","hentry"],"acf":[],"yoast_head":"<!-- This site is optimized with the Yoast SEO plugin v26.8 - https:\/\/yoast.com\/product\/yoast-seo-wordpress\/ -->\n<title>Los Padres y Madres del desierto - Lectio 365<\/title>\n<meta name=\"description\" content=\"La Cuaresma es un tiempo sagrado para la oraci\u00f3n, la reflexi\u00f3n y la renovaci\u00f3n. Este a\u00f1o hemos creado recursos para ayudar a tu iglesia a emprender juntos ese camino.\" \/>\n<meta name=\"robots\" content=\"index, follow, max-snippet:-1, max-image-preview:large, max-video-preview:-1\" \/>\n<link rel=\"canonical\" href=\"http:\/\/lectio365.com\/es\/recursosdeldesierto\/\" \/>\n<meta property=\"og:locale\" content=\"es_ES\" \/>\n<meta property=\"og:type\" content=\"article\" \/>\n<meta property=\"og:title\" content=\"Los Padres y Madres del desierto - Lectio 365\" \/>\n<meta property=\"og:description\" content=\"La Cuaresma es un tiempo sagrado para la oraci\u00f3n, la reflexi\u00f3n y la renovaci\u00f3n. Este a\u00f1o hemos creado recursos para ayudar a tu iglesia a emprender juntos ese camino.\" \/>\n<meta property=\"og:url\" content=\"http:\/\/lectio365.com\/es\/recursosdeldesierto\/\" \/>\n<meta property=\"og:site_name\" content=\"Lectio 365\" \/>\n<meta property=\"article:publisher\" content=\"https:\/\/www.facebook.com\/lectio365app\/\" \/>\n<meta property=\"article:modified_time\" content=\"2026-03-20T13:33:46+00:00\" \/>\n<meta property=\"og:image\" content=\"http:\/\/lectio365.com\/wp-content\/uploads\/2026\/01\/l365-lent_2026-web-header.jpg\" \/>\n\t<meta property=\"og:image:width\" content=\"2500\" \/>\n\t<meta property=\"og:image:height\" content=\"1235\" \/>\n\t<meta property=\"og:image:type\" content=\"image\/jpeg\" \/>\n<meta name=\"twitter:card\" content=\"summary_large_image\" \/>\n<meta name=\"twitter:label1\" content=\"Tiempo de lectura\" \/>\n\t<meta name=\"twitter:data1\" content=\"4 minutos\" \/>\n<script type=\"application\/ld+json\" class=\"yoast-schema-graph\">{\"@context\":\"https:\/\/schema.org\",\"@graph\":[{\"@type\":\"WebPage\",\"@id\":\"http:\/\/lectio365.com\/es\/recursosdeldesierto\/\",\"url\":\"http:\/\/lectio365.com\/es\/recursosdeldesierto\/\",\"name\":\"Los Padres y Madres del desierto - Lectio 365\",\"isPartOf\":{\"@id\":\"https:\/\/lectio365.com\/es\/#website\"},\"primaryImageOfPage\":{\"@id\":\"http:\/\/lectio365.com\/es\/recursosdeldesierto\/#primaryimage\"},\"image\":{\"@id\":\"http:\/\/lectio365.com\/es\/recursosdeldesierto\/#primaryimage\"},\"thumbnailUrl\":\"http:\/\/lectio365.com\/wp-content\/uploads\/2026\/01\/l365-lent_2026-web-header.jpg\",\"datePublished\":\"2026-01-08T10:46:45+00:00\",\"dateModified\":\"2026-03-20T13:33:46+00:00\",\"description\":\"La Cuaresma es un tiempo sagrado para la oraci\u00f3n, la reflexi\u00f3n y la renovaci\u00f3n. Este a\u00f1o hemos creado recursos para ayudar a tu iglesia a emprender juntos ese camino.\",\"breadcrumb\":{\"@id\":\"http:\/\/lectio365.com\/es\/recursosdeldesierto\/#breadcrumb\"},\"inLanguage\":\"es\",\"potentialAction\":[{\"@type\":\"ReadAction\",\"target\":[\"http:\/\/lectio365.com\/es\/recursosdeldesierto\/\"]}]},{\"@type\":\"ImageObject\",\"inLanguage\":\"es\",\"@id\":\"http:\/\/lectio365.com\/es\/recursosdeldesierto\/#primaryimage\",\"url\":\"http:\/\/lectio365.com\/wp-content\/uploads\/2026\/01\/l365-lent_2026-web-header.jpg\",\"contentUrl\":\"http:\/\/lectio365.com\/wp-content\/uploads\/2026\/01\/l365-lent_2026-web-header.jpg\",\"width\":2500,\"height\":1235},{\"@type\":\"BreadcrumbList\",\"@id\":\"http:\/\/lectio365.com\/es\/recursosdeldesierto\/#breadcrumb\",\"itemListElement\":[{\"@type\":\"ListItem\",\"position\":1,\"name\":\"Home\",\"item\":\"https:\/\/lectio365.com\/es\/\"},{\"@type\":\"ListItem\",\"position\":2,\"name\":\"Los Padres y Madres del desierto\"}]},{\"@type\":\"WebSite\",\"@id\":\"https:\/\/lectio365.com\/es\/#website\",\"url\":\"https:\/\/lectio365.com\/es\/\",\"name\":\"Lectio 365\",\"description\":\"Pray the Bible every day\",\"publisher\":{\"@id\":\"https:\/\/lectio365.com\/es\/#organization\"},\"potentialAction\":[{\"@type\":\"SearchAction\",\"target\":{\"@type\":\"EntryPoint\",\"urlTemplate\":\"https:\/\/lectio365.com\/es\/?s={search_term_string}\"},\"query-input\":{\"@type\":\"PropertyValueSpecification\",\"valueRequired\":true,\"valueName\":\"search_term_string\"}}],\"inLanguage\":\"es\"},{\"@type\":\"Organization\",\"@id\":\"https:\/\/lectio365.com\/es\/#organization\",\"name\":\"Lectio 365\",\"url\":\"https:\/\/lectio365.com\/es\/\",\"logo\":{\"@type\":\"ImageObject\",\"inLanguage\":\"es\",\"@id\":\"https:\/\/lectio365.com\/es\/#\/schema\/logo\/image\/\",\"url\":\"http:\/\/lectio365.com\/wp-content\/uploads\/2025\/05\/logo-dark.svg\",\"contentUrl\":\"http:\/\/lectio365.com\/wp-content\/uploads\/2025\/05\/logo-dark.svg\",\"width\":\"1024\",\"height\":\"1024\",\"caption\":\"Lectio 365\"},\"image\":{\"@id\":\"https:\/\/lectio365.com\/es\/#\/schema\/logo\/image\/\"},\"sameAs\":[\"https:\/\/www.facebook.com\/lectio365app\/\",\"https:\/\/www.instagram.com\/lectio365\/\",\"https:\/\/www.threads.com\/@lectio365\",\"https:\/\/www.youtube.com\/@Lectio365\",\"https:\/\/www.tiktok.com\/@lectio365\"]}]}<\/script>\n<!-- \/ Yoast SEO plugin. -->","yoast_head_json":{"title":"Los Padres y Madres del desierto - Lectio 365","description":"La Cuaresma es un tiempo sagrado para la oraci\u00f3n, la reflexi\u00f3n y la renovaci\u00f3n. Este a\u00f1o hemos creado recursos para ayudar a tu iglesia a emprender juntos ese camino.","robots":{"index":"index","follow":"follow","max-snippet":"max-snippet:-1","max-image-preview":"max-image-preview:large","max-video-preview":"max-video-preview:-1"},"canonical":"http:\/\/lectio365.com\/es\/recursosdeldesierto\/","og_locale":"es_ES","og_type":"article","og_title":"Los Padres y Madres del desierto - Lectio 365","og_description":"La Cuaresma es un tiempo sagrado para la oraci\u00f3n, la reflexi\u00f3n y la renovaci\u00f3n. Este a\u00f1o hemos creado recursos para ayudar a tu iglesia a emprender juntos ese camino.","og_url":"http:\/\/lectio365.com\/es\/recursosdeldesierto\/","og_site_name":"Lectio 365","article_publisher":"https:\/\/www.facebook.com\/lectio365app\/","article_modified_time":"2026-03-20T13:33:46+00:00","og_image":[{"width":2500,"height":1235,"url":"http:\/\/lectio365.com\/wp-content\/uploads\/2026\/01\/l365-lent_2026-web-header.jpg","type":"image\/jpeg"}],"twitter_card":"summary_large_image","twitter_misc":{"Tiempo de lectura":"4 minutos"},"schema":{"@context":"https:\/\/schema.org","@graph":[{"@type":"WebPage","@id":"http:\/\/lectio365.com\/es\/recursosdeldesierto\/","url":"http:\/\/lectio365.com\/es\/recursosdeldesierto\/","name":"Los Padres y Madres del desierto - Lectio 365","isPartOf":{"@id":"https:\/\/lectio365.com\/es\/#website"},"primaryImageOfPage":{"@id":"http:\/\/lectio365.com\/es\/recursosdeldesierto\/#primaryimage"},"image":{"@id":"http:\/\/lectio365.com\/es\/recursosdeldesierto\/#primaryimage"},"thumbnailUrl":"http:\/\/lectio365.com\/wp-content\/uploads\/2026\/01\/l365-lent_2026-web-header.jpg","datePublished":"2026-01-08T10:46:45+00:00","dateModified":"2026-03-20T13:33:46+00:00","description":"La Cuaresma es un tiempo sagrado para la oraci\u00f3n, la reflexi\u00f3n y la renovaci\u00f3n. Este a\u00f1o hemos creado recursos para ayudar a tu iglesia a emprender juntos ese camino.","breadcrumb":{"@id":"http:\/\/lectio365.com\/es\/recursosdeldesierto\/#breadcrumb"},"inLanguage":"es","potentialAction":[{"@type":"ReadAction","target":["http:\/\/lectio365.com\/es\/recursosdeldesierto\/"]}]},{"@type":"ImageObject","inLanguage":"es","@id":"http:\/\/lectio365.com\/es\/recursosdeldesierto\/#primaryimage","url":"http:\/\/lectio365.com\/wp-content\/uploads\/2026\/01\/l365-lent_2026-web-header.jpg","contentUrl":"http:\/\/lectio365.com\/wp-content\/uploads\/2026\/01\/l365-lent_2026-web-header.jpg","width":2500,"height":1235},{"@type":"BreadcrumbList","@id":"http:\/\/lectio365.com\/es\/recursosdeldesierto\/#breadcrumb","itemListElement":[{"@type":"ListItem","position":1,"name":"Home","item":"https:\/\/lectio365.com\/es\/"},{"@type":"ListItem","position":2,"name":"Los Padres y Madres del desierto"}]},{"@type":"WebSite","@id":"https:\/\/lectio365.com\/es\/#website","url":"https:\/\/lectio365.com\/es\/","name":"Lectio 365","description":"Pray the Bible every day","publisher":{"@id":"https:\/\/lectio365.com\/es\/#organization"},"potentialAction":[{"@type":"SearchAction","target":{"@type":"EntryPoint","urlTemplate":"https:\/\/lectio365.com\/es\/?s={search_term_string}"},"query-input":{"@type":"PropertyValueSpecification","valueRequired":true,"valueName":"search_term_string"}}],"inLanguage":"es"},{"@type":"Organization","@id":"https:\/\/lectio365.com\/es\/#organization","name":"Lectio 365","url":"https:\/\/lectio365.com\/es\/","logo":{"@type":"ImageObject","inLanguage":"es","@id":"https:\/\/lectio365.com\/es\/#\/schema\/logo\/image\/","url":"http:\/\/lectio365.com\/wp-content\/uploads\/2025\/05\/logo-dark.svg","contentUrl":"http:\/\/lectio365.com\/wp-content\/uploads\/2025\/05\/logo-dark.svg","width":"1024","height":"1024","caption":"Lectio 365"},"image":{"@id":"https:\/\/lectio365.com\/es\/#\/schema\/logo\/image\/"},"sameAs":["https:\/\/www.facebook.com\/lectio365app\/","https:\/\/www.instagram.com\/lectio365\/","https:\/\/www.threads.com\/@lectio365","https:\/\/www.youtube.com\/@Lectio365","https:\/\/www.tiktok.com\/@lectio365"]}]}},"_links":{"self":[{"href":"http:\/\/lectio365.com\/es\/wp-json\/wp\/v2\/pages\/1814","targetHints":{"allow":["GET"]}}],"collection":[{"href":"http:\/\/lectio365.com\/es\/wp-json\/wp\/v2\/pages"}],"about":[{"href":"http:\/\/lectio365.com\/es\/wp-json\/wp\/v2\/types\/page"}],"author":[{"embeddable":true,"href":"http:\/\/lectio365.com\/es\/wp-json\/wp\/v2\/users\/3"}],"replies":[{"embeddable":true,"href":"http:\/\/lectio365.com\/es\/wp-json\/wp\/v2\/comments?post=1814"}],"version-history":[{"count":32,"href":"http:\/\/lectio365.com\/es\/wp-json\/wp\/v2\/pages\/1814\/revisions"}],"predecessor-version":[{"id":2735,"href":"http:\/\/lectio365.com\/es\/wp-json\/wp\/v2\/pages\/1814\/revisions\/2735"}],"wp:featuredmedia":[{"embeddable":true,"href":"http:\/\/lectio365.com\/es\/wp-json\/wp\/v2\/media\/1824"}],"wp:attachment":[{"href":"http:\/\/lectio365.com\/es\/wp-json\/wp\/v2\/media?parent=1814"}],"curies":[{"name":"wp","href":"https:\/\/api.w.org\/{rel}","templated":true}]}}