{"id":1260,"date":"2025-03-26T15:40:10","date_gmt":"2025-03-26T15:40:10","guid":{"rendered":"https:\/\/lectio365.com\/resources\/"},"modified":"2025-05-25T15:32:16","modified_gmt":"2025-05-25T14:32:16","slug":"recursos","status":"publish","type":"page","link":"http:\/\/lectio365.com\/es\/recursos\/","title":{"rendered":"Recursos"},"content":{"rendered":"\n<p>Una selecci\u00f3n de gu\u00edas de oraci\u00f3n y cursos para ayudarte a nutrir tu vida de oraci\u00f3n<\/p>\n\n\n\n<p><\/p>\n","protected":false},"excerpt":{"rendered":"<p>Una selecci\u00f3n de gu\u00edas de oraci\u00f3n y cursos para ayudarte a nutrir tu vida de oraci\u00f3n<\/p>\n","protected":false},"author":1,"featured_media":0,"parent":0,"menu_order":0,"comment_status":"closed","ping_status":"closed","template":"page-templates\/resource.php","meta":{"_acf_changed":false,"inline_featured_image":false,"footnotes":""},"class_list":["post-1260","page","type-page","status-publish","hentry"],"acf":[],"yoast_head":"<!-- This site is optimized with the Yoast SEO plugin v26.8 - https:\/\/yoast.com\/product\/yoast-seo-wordpress\/ -->\n<title>Recursos - Lectio 365<\/title>\n<meta name=\"description\" content=\"Una selecci\u00f3n de gu\u00edas de oraci\u00f3n y cursos para ayudarte a nutrir tu vida de oraci\u00f3n. Lectio 365 es una app devocional gratuita para ayudarte a orar\" \/>\n<meta name=\"robots\" content=\"index, follow, max-snippet:-1, max-image-preview:large, max-video-preview:-1\" \/>\n<link rel=\"canonical\" href=\"http:\/\/lectio365.com\/es\/recursos\/\" \/>\n<meta property=\"og:locale\" content=\"es_ES\" \/>\n<meta property=\"og:type\" content=\"article\" \/>\n<meta property=\"og:title\" content=\"Recursos - Lectio 365\" \/>\n<meta property=\"og:description\" content=\"Una selecci\u00f3n de gu\u00edas de oraci\u00f3n y cursos para ayudarte a nutrir tu vida de oraci\u00f3n. Lectio 365 es una app devocional gratuita para ayudarte a orar\" \/>\n<meta property=\"og:url\" content=\"http:\/\/lectio365.com\/es\/recursos\/\" \/>\n<meta property=\"og:site_name\" content=\"Lectio 365\" \/>\n<meta property=\"article:publisher\" content=\"https:\/\/www.facebook.com\/lectio365app\/\" \/>\n<meta property=\"article:modified_time\" content=\"2025-05-25T14:32:16+00:00\" \/>\n<meta name=\"twitter:card\" content=\"summary_large_image\" \/>\n<meta name=\"twitter:label1\" content=\"Tiempo de lectura\" \/>\n\t<meta name=\"twitter:data1\" content=\"1 minuto\" \/>\n<script type=\"application\/ld+json\" class=\"yoast-schema-graph\">{\"@context\":\"https:\/\/schema.org\",\"@graph\":[{\"@type\":\"WebPage\",\"@id\":\"http:\/\/lectio365.com\/es\/recursos\/\",\"url\":\"http:\/\/lectio365.com\/es\/recursos\/\",\"name\":\"Recursos - Lectio 365\",\"isPartOf\":{\"@id\":\"https:\/\/lectio365.com\/es\/#website\"},\"datePublished\":\"2025-03-26T15:40:10+00:00\",\"dateModified\":\"2025-05-25T14:32:16+00:00\",\"description\":\"Una selecci\u00f3n de gu\u00edas de oraci\u00f3n y cursos para ayudarte a nutrir tu vida de oraci\u00f3n. Lectio 365 es una app devocional gratuita para ayudarte a orar\",\"breadcrumb\":{\"@id\":\"http:\/\/lectio365.com\/es\/recursos\/#breadcrumb\"},\"inLanguage\":\"es\",\"potentialAction\":[{\"@type\":\"ReadAction\",\"target\":[\"http:\/\/lectio365.com\/es\/recursos\/\"]}]},{\"@type\":\"BreadcrumbList\",\"@id\":\"http:\/\/lectio365.com\/es\/recursos\/#breadcrumb\",\"itemListElement\":[{\"@type\":\"ListItem\",\"position\":1,\"name\":\"Home\",\"item\":\"https:\/\/lectio365.com\/es\/\"},{\"@type\":\"ListItem\",\"position\":2,\"name\":\"Recursos\"}]},{\"@type\":\"WebSite\",\"@id\":\"https:\/\/lectio365.com\/es\/#website\",\"url\":\"https:\/\/lectio365.com\/es\/\",\"name\":\"Lectio 365\",\"description\":\"Pray the Bible every day\",\"publisher\":{\"@id\":\"https:\/\/lectio365.com\/es\/#organization\"},\"potentialAction\":[{\"@type\":\"SearchAction\",\"target\":{\"@type\":\"EntryPoint\",\"urlTemplate\":\"https:\/\/lectio365.com\/es\/?s={search_term_string}\"},\"query-input\":{\"@type\":\"PropertyValueSpecification\",\"valueRequired\":true,\"valueName\":\"search_term_string\"}}],\"inLanguage\":\"es\"},{\"@type\":\"Organization\",\"@id\":\"https:\/\/lectio365.com\/es\/#organization\",\"name\":\"Lectio 365\",\"url\":\"https:\/\/lectio365.com\/es\/\",\"logo\":{\"@type\":\"ImageObject\",\"inLanguage\":\"es\",\"@id\":\"https:\/\/lectio365.com\/es\/#\/schema\/logo\/image\/\",\"url\":\"http:\/\/lectio365.com\/wp-content\/uploads\/2025\/05\/logo-dark.svg\",\"contentUrl\":\"http:\/\/lectio365.com\/wp-content\/uploads\/2025\/05\/logo-dark.svg\",\"width\":\"1024\",\"height\":\"1024\",\"caption\":\"Lectio 365\"},\"image\":{\"@id\":\"https:\/\/lectio365.com\/es\/#\/schema\/logo\/image\/\"},\"sameAs\":[\"https:\/\/www.facebook.com\/lectio365app\/\",\"https:\/\/www.instagram.com\/lectio365\/\",\"https:\/\/www.threads.com\/@lectio365\",\"https:\/\/www.youtube.com\/@Lectio365\",\"https:\/\/www.tiktok.com\/@lectio365\"]}]}<\/script>\n<!-- \/ Yoast SEO plugin. -->","yoast_head_json":{"title":"Recursos - Lectio 365","description":"Una selecci\u00f3n de gu\u00edas de oraci\u00f3n y cursos para ayudarte a nutrir tu vida de oraci\u00f3n. Lectio 365 es una app devocional gratuita para ayudarte a orar","robots":{"index":"index","follow":"follow","max-snippet":"max-snippet:-1","max-image-preview":"max-image-preview:large","max-video-preview":"max-video-preview:-1"},"canonical":"http:\/\/lectio365.com\/es\/recursos\/","og_locale":"es_ES","og_type":"article","og_title":"Recursos - Lectio 365","og_description":"Una selecci\u00f3n de gu\u00edas de oraci\u00f3n y cursos para ayudarte a nutrir tu vida de oraci\u00f3n. Lectio 365 es una app devocional gratuita para ayudarte a orar","og_url":"http:\/\/lectio365.com\/es\/recursos\/","og_site_name":"Lectio 365","article_publisher":"https:\/\/www.facebook.com\/lectio365app\/","article_modified_time":"2025-05-25T14:32:16+00:00","twitter_card":"summary_large_image","twitter_misc":{"Tiempo de lectura":"1 minuto"},"schema":{"@context":"https:\/\/schema.org","@graph":[{"@type":"WebPage","@id":"http:\/\/lectio365.com\/es\/recursos\/","url":"http:\/\/lectio365.com\/es\/recursos\/","name":"Recursos - Lectio 365","isPartOf":{"@id":"https:\/\/lectio365.com\/es\/#website"},"datePublished":"2025-03-26T15:40:10+00:00","dateModified":"2025-05-25T14:32:16+00:00","description":"Una selecci\u00f3n de gu\u00edas de oraci\u00f3n y cursos para ayudarte a nutrir tu vida de oraci\u00f3n. Lectio 365 es una app devocional gratuita para ayudarte a orar","breadcrumb":{"@id":"http:\/\/lectio365.com\/es\/recursos\/#breadcrumb"},"inLanguage":"es","potentialAction":[{"@type":"ReadAction","target":["http:\/\/lectio365.com\/es\/recursos\/"]}]},{"@type":"BreadcrumbList","@id":"http:\/\/lectio365.com\/es\/recursos\/#breadcrumb","itemListElement":[{"@type":"ListItem","position":1,"name":"Home","item":"https:\/\/lectio365.com\/es\/"},{"@type":"ListItem","position":2,"name":"Recursos"}]},{"@type":"WebSite","@id":"https:\/\/lectio365.com\/es\/#website","url":"https:\/\/lectio365.com\/es\/","name":"Lectio 365","description":"Pray the Bible every day","publisher":{"@id":"https:\/\/lectio365.com\/es\/#organization"},"potentialAction":[{"@type":"SearchAction","target":{"@type":"EntryPoint","urlTemplate":"https:\/\/lectio365.com\/es\/?s={search_term_string}"},"query-input":{"@type":"PropertyValueSpecification","valueRequired":true,"valueName":"search_term_string"}}],"inLanguage":"es"},{"@type":"Organization","@id":"https:\/\/lectio365.com\/es\/#organization","name":"Lectio 365","url":"https:\/\/lectio365.com\/es\/","logo":{"@type":"ImageObject","inLanguage":"es","@id":"https:\/\/lectio365.com\/es\/#\/schema\/logo\/image\/","url":"http:\/\/lectio365.com\/wp-content\/uploads\/2025\/05\/logo-dark.svg","contentUrl":"http:\/\/lectio365.com\/wp-content\/uploads\/2025\/05\/logo-dark.svg","width":"1024","height":"1024","caption":"Lectio 365"},"image":{"@id":"https:\/\/lectio365.com\/es\/#\/schema\/logo\/image\/"},"sameAs":["https:\/\/www.facebook.com\/lectio365app\/","https:\/\/www.instagram.com\/lectio365\/","https:\/\/www.threads.com\/@lectio365","https:\/\/www.youtube.com\/@Lectio365","https:\/\/www.tiktok.com\/@lectio365"]}]}},"_links":{"self":[{"href":"http:\/\/lectio365.com\/es\/wp-json\/wp\/v2\/pages\/1260","targetHints":{"allow":["GET"]}}],"collection":[{"href":"http:\/\/lectio365.com\/es\/wp-json\/wp\/v2\/pages"}],"about":[{"href":"http:\/\/lectio365.com\/es\/wp-json\/wp\/v2\/types\/page"}],"author":[{"embeddable":true,"href":"http:\/\/lectio365.com\/es\/wp-json\/wp\/v2\/users\/1"}],"replies":[{"embeddable":true,"href":"http:\/\/lectio365.com\/es\/wp-json\/wp\/v2\/comments?post=1260"}],"version-history":[{"count":1,"href":"http:\/\/lectio365.com\/es\/wp-json\/wp\/v2\/pages\/1260\/revisions"}],"predecessor-version":[{"id":1276,"href":"http:\/\/lectio365.com\/es\/wp-json\/wp\/v2\/pages\/1260\/revisions\/1276"}],"wp:attachment":[{"href":"http:\/\/lectio365.com\/es\/wp-json\/wp\/v2\/media?parent=1260"}],"curies":[{"name":"wp","href":"https:\/\/api.w.org\/{rel}","templated":true}]}}